{"id":3062,"date":"2023-06-29T07:37:13","date_gmt":"2023-06-29T07:37:13","guid":{"rendered":"https:\/\/www.ammore.online\/ammore-lievitati-artigianali\/noi\/"},"modified":"2023-09-06T11:26:20","modified_gmt":"2023-09-06T11:26:20","slug":"noi","status":"publish","type":"page","link":"https:\/\/www.ammore.online\/de\/ammore-lievitati-artigianali\/noi\/","title":{"rendered":"Wir"},"content":{"rendered":"<div class=\"wp-block-group alignwide\"><div class=\"wp-block-group__inner-container is-layout-constrained wp-block-group-is-layout-constrained\"><div style=\"height:100px\" aria-hidden=\"true\" class=\"wp-block-spacer block-visibility-hide-small-screen\"><\/div>\n\n<div style=\"height:50px\" aria-hidden=\"true\" class=\"wp-block-spacer block-visibility-hide-large-screen block-visibility-hide-medium-screen\"><\/div>\n\n<h3 class=\"wp-block-heading has-text-align-center\">\u201eAmmore\u201c wurde aus einem Traum geboren.<\/h3>\n\n<h3 class=\"wp-block-heading has-text-align-center\"> Das von Napoleone Cioffi, der seine Seele ist.<\/h3>\n\n<p class=\"has-text-align-center\"> Er ist derjenige, der ihr den gr\u00f6\u00dften Wunsch erf\u00fcllt. Als Kind verging kein Tag, an dem er sich nicht vorstellte, mit offenen Augen in ein mit Sahne \u00fcberquellendes St\u00fcck Panettone zu bei\u00dfen. Als er erwachsen wurde, vermischten sich die Energie und der Enthusiasmus des Unternehmers aus Kampanien (das muss man sagen!) mit der Liebe zum Essen und einer unerm\u00fcdlichen Suche nach hochwertigen Zutaten. Dann tut der Wunsch, Tradition und Innovation zu vereinen, sein \u00dcbriges.<\/p>\n\n<p class=\"has-text-align-center\">Nachdem er langj\u00e4hrige Erfahrung in der Spirituosen- und Lik\u00f6rbranche gesammelt hatte, gr\u00fcndete er sein eigenes Unternehmen, in dem Exzellenz mit einer gro\u00dfen Leidenschaft f\u00fcr das Gebiet verschmilzt. Die k\u00f6stliche und raffinierte Linie der handwerklich hergestellten Sauerteigprodukte \u201eAmmore\u201c wird so Wirklichkeit. Und es ist die Begegnung mit einem renommierten Konditor aus Cervinara, die das gastronomische Wunder m\u00f6glich macht. Durch ihre Partnerschaft entsteht eine gro\u00dfe Auswahl an s\u00fc\u00dfen und herzhaften Kreationen, die auch glutenfrei erh\u00e4ltlich sind.<\/p>\n\n<p class=\"has-text-align-center\">Neben den unverzichtbaren Klassikern wie Panettone und Colombe f\u00fchrt Sie die Geschmacksreise, die Sie mit uns unternehmen, dazu, eine neue Vorstellung von \u201egut\u201c zu entdecken, die mit \u201eAmmore\u201c erdacht und kreiert wurde. Probieren Sie auch nur einen einzigen Bissen Pandolci und lassen Sie sich von den begehrtesten Neuheiten verf\u00fchren. Direkt aus den \u00d6fen unserer Labore kommen f\u00fcr Sie Panzuppati und Panevo, einzigartige Produkte ihrer Art und in verschiedenen Geschmacksrichtungen angeboten, zwischen denen Sie die Qual der Wahl haben werden.<\/p>\n\n<p class=\"has-text-align-center\">Abgerundet wird das Sortiment schlie\u00dflich durch eine verf\u00fchrerische Linie streichf\u00e4higer Cremes. Wenn einerseits das Experimentieren mit neuen Rezepten immer auch urspr\u00fcngliche Wege aufzeigt, bleibt ein Punkt unver\u00e4ndert. Die Verwendung von Sauerteig, der mit geeigneten Erfrischungen konserviert und 16 Jahre lang am Leben gehalten wird, verleiht allen Sauerteigprodukten einen einzigartigen Geschmack.<\/p>\n\n<div style=\"height:50px\" aria-hidden=\"true\" class=\"wp-block-spacer block-visibility-hide-small-screen\"><\/div>\n\n<div style=\"height:50px\" aria-hidden=\"true\" class=\"wp-block-spacer block-visibility-hide-large-screen block-visibility-hide-medium-screen\"><\/div>\n\n<h2 class=\"has-text-align-center\" id=\"noi\" style=\"color:#782648\">EINIGE UNSERER PRODUKTE<\/h2>\n\n<div style=\"height:50px\" aria-hidden=\"true\" class=\"wp-block-spacer block-visibility-hide-small-screen\"><\/div>\n\n<div class=\"woocommerce columns-4\"><ul class=\"products columns-4\">\n<li class=\"product-category product first\">\n\t<a aria-label=\"Produktkategorie Ostern besuchen\" href=\"https:\/\/www.ammore.online\/de\/Handgefertigte-Produkte\/ostern\/\"><img loading=\"lazy\" decoding=\"async\" src=\"https:\/\/www.ammore.online\/wp-content\/uploads\/2023\/04\/image0-scaled-530x530.jpeg\" alt=\"Ostern\" width=\"530\" height=\"530\" \/>\t\t<h2 class=\"woocommerce-loop-category__title\">\n\t\t\tOstern <mark class=\"count\">(11)<\/mark>\t\t<\/h2>\n\t\t<\/a><\/li>\n<li class=\"product-category product\">\n\t<a aria-label=\"Produktkategorie Weihnachten besuchen\" href=\"https:\/\/www.ammore.online\/de\/Handgefertigte-Produkte\/weihnachten\/\"><img loading=\"lazy\" decoding=\"async\" src=\"https:\/\/www.ammore.online\/wp-content\/uploads\/2024\/10\/pandorato_08-530x530.jpg\" alt=\"Weihnachten\" width=\"530\" height=\"530\" srcset=\"https:\/\/www.ammore.online\/wp-content\/uploads\/2024\/10\/pandorato_08-530x530.jpg 530w, https:\/\/www.ammore.online\/wp-content\/uploads\/2024\/10\/pandorato_08-150x150.jpg 150w, https:\/\/www.ammore.online\/wp-content\/uploads\/2024\/10\/pandorato_08-600x600.jpg 600w, https:\/\/www.ammore.online\/wp-content\/uploads\/2024\/10\/pandorato_08-180x180.jpg 180w\" sizes=\"auto, (max-width: 530px) 100vw, 530px\" \/>\t\t<h2 class=\"woocommerce-loop-category__title\">\n\t\t\tWeihnachten <mark class=\"count\">(28)<\/mark>\t\t<\/h2>\n\t\t<\/a><\/li>\n<li class=\"product-category product\">\n\t<a aria-label=\"Produktkategorie Cappelliera besuchen\" href=\"https:\/\/www.ammore.online\/de\/Handgefertigte-Produkte\/cappelliera-de\/\"><img loading=\"lazy\" decoding=\"async\" src=\"https:\/\/www.ammore.online\/wp-content\/uploads\/2024\/10\/Panettone-cappelliera-3Kg-530x530.jpg\" alt=\"Cappelliera\" width=\"530\" height=\"530\" srcset=\"https:\/\/www.ammore.online\/wp-content\/uploads\/2024\/10\/Panettone-cappelliera-3Kg-530x530.jpg 530w, https:\/\/www.ammore.online\/wp-content\/uploads\/2024\/10\/Panettone-cappelliera-3Kg-300x300.jpg 300w, https:\/\/www.ammore.online\/wp-content\/uploads\/2024\/10\/Panettone-cappelliera-3Kg-1024x1024.jpg 1024w, https:\/\/www.ammore.online\/wp-content\/uploads\/2024\/10\/Panettone-cappelliera-3Kg-150x150.jpg 150w, https:\/\/www.ammore.online\/wp-content\/uploads\/2024\/10\/Panettone-cappelliera-3Kg-768x768.jpg 768w, https:\/\/www.ammore.online\/wp-content\/uploads\/2024\/10\/Panettone-cappelliera-3Kg-50x50.jpg 50w, https:\/\/www.ammore.online\/wp-content\/uploads\/2024\/10\/Panettone-cappelliera-3Kg-1600x1600.jpg 1600w, https:\/\/www.ammore.online\/wp-content\/uploads\/2024\/10\/Panettone-cappelliera-3Kg-1536x1536.jpg 1536w, https:\/\/www.ammore.online\/wp-content\/uploads\/2024\/10\/Panettone-cappelliera-3Kg-600x600.jpg 600w, https:\/\/www.ammore.online\/wp-content\/uploads\/2024\/10\/Panettone-cappelliera-3Kg-720x720.jpg 720w, https:\/\/www.ammore.online\/wp-content\/uploads\/2024\/10\/Panettone-cappelliera-3Kg-180x180.jpg 180w, https:\/\/www.ammore.online\/wp-content\/uploads\/2024\/10\/Panettone-cappelliera-3Kg.jpg 1920w\" sizes=\"auto, (max-width: 530px) 100vw, 530px\" \/>\t\t<h2 class=\"woocommerce-loop-category__title\">\n\t\t\tCappelliera <mark class=\"count\">(16)<\/mark>\t\t<\/h2>\n\t\t<\/a><\/li>\n<li class=\"product-category product last\">\n\t<a aria-label=\"Produktkategorie Panevo besuchen\" href=\"https:\/\/www.ammore.online\/de\/Handgefertigte-Produkte\/panevo-de\/\"><img loading=\"lazy\" decoding=\"async\" src=\"https:\/\/www.ammore.online\/wp-content\/uploads\/2024\/10\/InCollage_20241018_160229091-scaled.jpg\" alt=\"Panevo\" width=\"530\" height=\"530\" \/>\t\t<h2 class=\"woocommerce-loop-category__title\">\n\t\t\tPanevo <mark class=\"count\">(5)<\/mark>\t\t<\/h2>\n\t\t<\/a><\/li>\n<\/ul>\n<\/div><\/div><\/div><div class=\"wp-block-cover alignfull has-parallax\"><span aria-hidden=\"true\" class=\"wp-block-cover__background has-background-dim-80 has-background-dim\" style=\"background-color:#946941\"><\/span><div role=\"img\" class=\"wp-block-cover__image-background wp-image-153 has-parallax\" style=\"background-position:50% 50%;background-image:url(https:\/\/www.ammore.online\/wp-content\/uploads\/2022\/08\/farina-2.jpg)\"><\/div><div class=\"wp-block-cover__inner-container is-layout-flow wp-block-cover-is-layout-flow\"><div class=\"wp-block-genesis-blocks-gb-columns gb-layout-columns-1 one-column gb-columns-center alignfull\" style=\"margin-bottom:15px;padding-right:2%;padding-left:2%\"><div class=\"gb-layout-column-wrap gb-block-layout-column-gap-0 gb-is-responsive-column\" style=\"max-width:1060px\"><div class=\"wp-block-genesis-blocks-gb-column gb-block-layout-column\"><div class=\"gb-block-layout-column-inner\"><p><\/p><\/div><\/div><\/div><\/div>\n\n<div style=\"height:20px\" aria-hidden=\"true\" class=\"wp-block-spacer\"><\/div>\n\n<h2 class=\"wp-block-heading alignfull has-text-align-center small-heading is-style-default has-white-color has-text-color\">Bleiben Sie immer auf dem Laufenden<\/h2>\n\n<div class=\"wp-block-columns is-layout-flex wp-container-core-columns-is-layout-9d6595d7 wp-block-columns-is-layout-flex\"><div class=\"wp-block-column is-layout-flow wp-block-column-is-layout-flow\"><\/div>\n\n<div class=\"wp-block-column is-layout-flow wp-block-column-is-layout-flow\"><script>(function() {\n\twindow.mc4wp = window.mc4wp || {\n\t\tlisteners: [],\n\t\tforms: {\n\t\t\ton: function(evt, cb) {\n\t\t\t\twindow.mc4wp.listeners.push(\n\t\t\t\t\t{\n\t\t\t\t\t\tevent   : evt,\n\t\t\t\t\t\tcallback: cb\n\t\t\t\t\t}\n\t\t\t\t);\n\t\t\t}\n\t\t}\n\t}\n})();\n<\/script><!-- Mailchimp for WordPress v4.9.18 - https:\/\/wordpress.org\/plugins\/mailchimp-for-wp\/ --><form id=\"mc4wp-form-1\" class=\"mc4wp-form mc4wp-form-1274\" method=\"post\" data-id=\"1274\" data-name=\"Ammore NewsLetter\" ><div class=\"mc4wp-form-fields\"><p>\n\t<center><label>Geben Sie Ihre E-Mail ein und abonnieren Sie unseren Newsletter!\n      <p>\n        \n      <\/p>\n\t\t<input type=\"email\" name=\"EMAIL\" placeholder=\"Deine E-Mail\" required=\"\">\n<\/label>\n<p>\n    <label>\n      <p>\n        \n      <\/p>\n        <input name=\"AGREE_TO_TERMS\" type=\"checkbox\" value=\"1\" required=\"\"> <a href=\"https:\/\/www.ammore.online\/de\/privacy-policy\/\" target=\"_blank\" rel=\"noopener\">Ich habe die AGB gelesen und akzeptiere sie<\/a>\n    <\/label>\n<\/p>\n<p>\n\t<input type=\"submit\" value=\"Abonnieren\"> <\/center>\n<\/p><\/div><label style=\"display: none !important;\">Wenn du ein Mensch bist, lasse das Feld leer: <input type=\"text\" name=\"_mc4wp_honeypot\" value=\"\" tabindex=\"-1\" autocomplete=\"off\" \/><\/label><input type=\"hidden\" name=\"_mc4wp_timestamp\" value=\"1776102262\" \/><input type=\"hidden\" name=\"_mc4wp_form_id\" value=\"1274\" \/><input type=\"hidden\" name=\"_mc4wp_form_element_id\" value=\"mc4wp-form-1\" \/><div class=\"mc4wp-response\"><\/div><\/form><!-- \/ Mailchimp for WordPress Plugin --><\/div>\n\n<div class=\"wp-block-column is-layout-flow wp-block-column-is-layout-flow\"><\/div><\/div><\/div><\/div>","protected":false},"excerpt":{"rendered":"<p>\u201eAmmore\u201c wurde aus einem Traum geboren. Das von Napoleone Cioffi, der seine Seele ist. Er ist derjenige, der ihr den gr\u00f6\u00dften Wunsch erf\u00fcllt. Als Kind verging kein Tag, an dem er sich nicht vorstellte, mit offenen Augen in ein mit Sahne \u00fcberquellendes St\u00fcck Panettone zu bei\u00dfen. Als er erwachsen wurde, vermischten sich die Energie und [&hellip;]<\/p>\n","protected":false},"author":1,"featured_media":0,"parent":1175,"menu_order":0,"comment_status":"closed","ping_status":"closed","template":"templates\/blocks.php","meta":{"_genesis_hide_title":true,"_genesis_hide_breadcrumbs":true,"_genesis_hide_singular_image":true,"_genesis_hide_footer_widgets":false,"_genesis_custom_body_class":"","_genesis_custom_post_class":"","_genesis_layout":"full-width-content","footnotes":""},"class_list":{"0":"post-3062","1":"page","2":"type-page","3":"status-publish","5":"entry"},"yoast_head":"<!-- This site is optimized with the Yoast SEO plugin v23.7 - https:\/\/yoast.com\/wordpress\/plugins\/seo\/ -->\n<title>Wir - Ammore<\/title>\n<meta name=\"robots\" content=\"index, follow, max-snippet:-1, max-image-preview:large, max-video-preview:-1\" \/>\n<link rel=\"canonical\" href=\"https:\/\/www.ammore.online\/de\/ammore-lievitati-artigianali\/noi\/\" \/>\n<meta property=\"og:locale\" content=\"de_DE\" \/>\n<meta property=\"og:type\" content=\"article\" \/>\n<meta property=\"og:title\" content=\"Wir - Ammore\" \/>\n<meta property=\"og:description\" content=\"\u201eAmmore\u201c wurde aus einem Traum geboren. Das von Napoleone Cioffi, der seine Seele ist. Er ist derjenige, der ihr den gr\u00f6\u00dften Wunsch erf\u00fcllt. Als Kind verging kein Tag, an dem er sich nicht vorstellte, mit offenen Augen in ein mit Sahne \u00fcberquellendes St\u00fcck Panettone zu bei\u00dfen. Als er erwachsen wurde, vermischten sich die Energie und [&hellip;]\" \/>\n<meta property=\"og:url\" content=\"https:\/\/www.ammore.online\/de\/ammore-lievitati-artigianali\/noi\/\" \/>\n<meta property=\"og:site_name\" content=\"Ammore\" \/>\n<meta property=\"article:publisher\" content=\"https:\/\/www.facebook.com\/ammore.official\" \/>\n<meta property=\"article:modified_time\" content=\"2023-09-06T11:26:20+00:00\" \/>\n<meta name=\"twitter:card\" content=\"summary_large_image\" \/>\n<meta name=\"twitter:label1\" content=\"Gesch\u00e4tzte Lesezeit\" \/>\n\t<meta name=\"twitter:data1\" content=\"2\u00a0Minuten\" \/>\n<script type=\"application\/ld+json\" class=\"yoast-schema-graph\">{\"@context\":\"https:\/\/schema.org\",\"@graph\":[{\"@type\":\"WebPage\",\"@id\":\"https:\/\/www.ammore.online\/de\/ammore-lievitati-artigianali\/noi\/\",\"url\":\"https:\/\/www.ammore.online\/de\/ammore-lievitati-artigianali\/noi\/\",\"name\":\"Wir - Ammore\",\"isPartOf\":{\"@id\":\"https:\/\/www.ammore.online\/es\/#website\"},\"datePublished\":\"2023-06-29T07:37:13+00:00\",\"dateModified\":\"2023-09-06T11:26:20+00:00\",\"breadcrumb\":{\"@id\":\"https:\/\/www.ammore.online\/de\/ammore-lievitati-artigianali\/noi\/#breadcrumb\"},\"inLanguage\":\"de\",\"potentialAction\":[{\"@type\":\"ReadAction\",\"target\":[\"https:\/\/www.ammore.online\/de\/ammore-lievitati-artigianali\/noi\/\"]}]},{\"@type\":\"BreadcrumbList\",\"@id\":\"https:\/\/www.ammore.online\/de\/ammore-lievitati-artigianali\/noi\/#breadcrumb\",\"itemListElement\":[{\"@type\":\"ListItem\",\"position\":1,\"name\":\"Home\",\"item\":\"https:\/\/www.ammore.online\/de\/\"},{\"@type\":\"ListItem\",\"position\":2,\"name\":\"Homepage\",\"item\":\"https:\/\/www.ammore.online\/de\/\"},{\"@type\":\"ListItem\",\"position\":3,\"name\":\"Wir\"}]},{\"@type\":\"WebSite\",\"@id\":\"https:\/\/www.ammore.online\/es\/#website\",\"url\":\"https:\/\/www.ammore.online\/es\/\",\"name\":\"Ammore\",\"description\":\"Il gusto della tradizione\",\"publisher\":{\"@id\":\"https:\/\/www.ammore.online\/es\/#organization\"},\"potentialAction\":[{\"@type\":\"SearchAction\",\"target\":{\"@type\":\"EntryPoint\",\"urlTemplate\":\"https:\/\/www.ammore.online\/es\/?s={search_term_string}\"},\"query-input\":{\"@type\":\"PropertyValueSpecification\",\"valueRequired\":true,\"valueName\":\"search_term_string\"}}],\"inLanguage\":\"de\"},{\"@type\":\"Organization\",\"@id\":\"https:\/\/www.ammore.online\/es\/#organization\",\"name\":\"Ammore\",\"url\":\"https:\/\/www.ammore.online\/es\/\",\"logo\":{\"@type\":\"ImageObject\",\"inLanguage\":\"de\",\"@id\":\"https:\/\/www.ammore.online\/es\/#\/schema\/logo\/image\/\",\"url\":\"https:\/\/www.ammore.online\/wp-content\/uploads\/2023\/10\/cropped-cropped-Ammore_logo.png\",\"contentUrl\":\"https:\/\/www.ammore.online\/wp-content\/uploads\/2023\/10\/cropped-cropped-Ammore_logo.png\",\"width\":1411,\"height\":393,\"caption\":\"Ammore\"},\"image\":{\"@id\":\"https:\/\/www.ammore.online\/es\/#\/schema\/logo\/image\/\"},\"sameAs\":[\"https:\/\/www.facebook.com\/ammore.official\",\"https:\/\/www.instagram.com\/ammore_official\"]}]}<\/script>\n<!-- \/ Yoast SEO plugin. -->","yoast_head_json":{"title":"Wir - Ammore","robots":{"index":"index","follow":"follow","max-snippet":"max-snippet:-1","max-image-preview":"max-image-preview:large","max-video-preview":"max-video-preview:-1"},"canonical":"https:\/\/www.ammore.online\/de\/ammore-lievitati-artigianali\/noi\/","og_locale":"de_DE","og_type":"article","og_title":"Wir - Ammore","og_description":"\u201eAmmore\u201c wurde aus einem Traum geboren. Das von Napoleone Cioffi, der seine Seele ist. Er ist derjenige, der ihr den gr\u00f6\u00dften Wunsch erf\u00fcllt. Als Kind verging kein Tag, an dem er sich nicht vorstellte, mit offenen Augen in ein mit Sahne \u00fcberquellendes St\u00fcck Panettone zu bei\u00dfen. Als er erwachsen wurde, vermischten sich die Energie und [&hellip;]","og_url":"https:\/\/www.ammore.online\/de\/ammore-lievitati-artigianali\/noi\/","og_site_name":"Ammore","article_publisher":"https:\/\/www.facebook.com\/ammore.official","article_modified_time":"2023-09-06T11:26:20+00:00","twitter_card":"summary_large_image","twitter_misc":{"Gesch\u00e4tzte Lesezeit":"2\u00a0Minuten"},"schema":{"@context":"https:\/\/schema.org","@graph":[{"@type":"WebPage","@id":"https:\/\/www.ammore.online\/de\/ammore-lievitati-artigianali\/noi\/","url":"https:\/\/www.ammore.online\/de\/ammore-lievitati-artigianali\/noi\/","name":"Wir - Ammore","isPartOf":{"@id":"https:\/\/www.ammore.online\/es\/#website"},"datePublished":"2023-06-29T07:37:13+00:00","dateModified":"2023-09-06T11:26:20+00:00","breadcrumb":{"@id":"https:\/\/www.ammore.online\/de\/ammore-lievitati-artigianali\/noi\/#breadcrumb"},"inLanguage":"de","potentialAction":[{"@type":"ReadAction","target":["https:\/\/www.ammore.online\/de\/ammore-lievitati-artigianali\/noi\/"]}]},{"@type":"BreadcrumbList","@id":"https:\/\/www.ammore.online\/de\/ammore-lievitati-artigianali\/noi\/#breadcrumb","itemListElement":[{"@type":"ListItem","position":1,"name":"Home","item":"https:\/\/www.ammore.online\/de\/"},{"@type":"ListItem","position":2,"name":"Homepage","item":"https:\/\/www.ammore.online\/de\/"},{"@type":"ListItem","position":3,"name":"Wir"}]},{"@type":"WebSite","@id":"https:\/\/www.ammore.online\/es\/#website","url":"https:\/\/www.ammore.online\/es\/","name":"Ammore","description":"Il gusto della tradizione","publisher":{"@id":"https:\/\/www.ammore.online\/es\/#organization"},"potentialAction":[{"@type":"SearchAction","target":{"@type":"EntryPoint","urlTemplate":"https:\/\/www.ammore.online\/es\/?s={search_term_string}"},"query-input":{"@type":"PropertyValueSpecification","valueRequired":true,"valueName":"search_term_string"}}],"inLanguage":"de"},{"@type":"Organization","@id":"https:\/\/www.ammore.online\/es\/#organization","name":"Ammore","url":"https:\/\/www.ammore.online\/es\/","logo":{"@type":"ImageObject","inLanguage":"de","@id":"https:\/\/www.ammore.online\/es\/#\/schema\/logo\/image\/","url":"https:\/\/www.ammore.online\/wp-content\/uploads\/2023\/10\/cropped-cropped-Ammore_logo.png","contentUrl":"https:\/\/www.ammore.online\/wp-content\/uploads\/2023\/10\/cropped-cropped-Ammore_logo.png","width":1411,"height":393,"caption":"Ammore"},"image":{"@id":"https:\/\/www.ammore.online\/es\/#\/schema\/logo\/image\/"},"sameAs":["https:\/\/www.facebook.com\/ammore.official","https:\/\/www.instagram.com\/ammore_official"]}]}},"featured_image_src":null,"featured_image_src_square":null,"_links":{"self":[{"href":"https:\/\/www.ammore.online\/de\/wp-json\/wp\/v2\/pages\/3062","targetHints":{"allow":["GET"]}}],"collection":[{"href":"https:\/\/www.ammore.online\/de\/wp-json\/wp\/v2\/pages"}],"about":[{"href":"https:\/\/www.ammore.online\/de\/wp-json\/wp\/v2\/types\/page"}],"author":[{"embeddable":true,"href":"https:\/\/www.ammore.online\/de\/wp-json\/wp\/v2\/users\/1"}],"replies":[{"embeddable":true,"href":"https:\/\/www.ammore.online\/de\/wp-json\/wp\/v2\/comments?post=3062"}],"version-history":[{"count":1,"href":"https:\/\/www.ammore.online\/de\/wp-json\/wp\/v2\/pages\/3062\/revisions"}],"predecessor-version":[{"id":3064,"href":"https:\/\/www.ammore.online\/de\/wp-json\/wp\/v2\/pages\/3062\/revisions\/3064"}],"up":[{"embeddable":true,"href":"https:\/\/www.ammore.online\/de\/wp-json\/wp\/v2\/pages\/1175"}],"wp:attachment":[{"href":"https:\/\/www.ammore.online\/de\/wp-json\/wp\/v2\/media?parent=3062"}],"curies":[{"name":"wp","href":"https:\/\/api.w.org\/{rel}","templated":true}]}}